{"id":55,"date":"2020-06-07T12:17:49","date_gmt":"2020-06-07T12:17:49","guid":{"rendered":"http:\/\/alfafilepremium.net\/?page_id=55"},"modified":"2024-02-10T22:35:54","modified_gmt":"2024-02-10T22:35:54","slug":"affiliate-program","status":"publish","type":"page","link":"https:\/\/alfafilepremium.net\/de\/affiliate-program\/","title":{"rendered":"Partnerprogramm"},"content":{"rendered":"<p><img loading=\"lazy\" decoding=\"async\" src=\"http:\/\/alfafilepremium.net\/wp-content\/uploads\/2020\/06\/alfafile_affiliate_program_1.png\" alt=\"alfafile affiliate program\" width=\"909\" height=\"469\" class=\"aligncenter size-full wp-image-73\" srcset=\"https:\/\/alfafilepremium.net\/wp-content\/uploads\/2020\/06\/alfafile_affiliate_program_1.png 909w, https:\/\/alfafilepremium.net\/wp-content\/uploads\/2020\/06\/alfafile_affiliate_program_1-300x155.png 300w, https:\/\/alfafilepremium.net\/wp-content\/uploads\/2020\/06\/alfafile_affiliate_program_1-768x396.png 768w, https:\/\/alfafilepremium.net\/wp-content\/uploads\/2020\/06\/alfafile_affiliate_program_1-100x52.png 100w, https:\/\/alfafilepremium.net\/wp-content\/uploads\/2020\/06\/alfafile_affiliate_program_1-150x77.png 150w, https:\/\/alfafilepremium.net\/wp-content\/uploads\/2020\/06\/alfafile_affiliate_program_1-200x103.png 200w, https:\/\/alfafilepremium.net\/wp-content\/uploads\/2020\/06\/alfafile_affiliate_program_1-450x232.png 450w, https:\/\/alfafilepremium.net\/wp-content\/uploads\/2020\/06\/alfafile_affiliate_program_1-600x310.png 600w, https:\/\/alfafilepremium.net\/wp-content\/uploads\/2020\/06\/alfafile_affiliate_program_1-900x464.png 900w\" sizes=\"auto, (max-width: 909px) 100vw, 909px\" \/><\/p>\n<p>* 50% from sale and rebill excl. processing fee 0%<\/p>\n<p>For website owners<br \/>\nHave a website? Add website to your profile and watch your income grow.<br \/>\nWe pay percentage for all premium accounts ordered by users referred by your website or blog.<\/p>\n<p>0-100 sales\/month &#8211; you get 5%<br \/>\n100-500 sales\/month &#8211; you get 10%<br \/>\n500+ sales\/month &#8211; you get 15%<\/p>\n<p>Earn by referring other webmasters<br \/>\nEarn 10% From Every sale made by your referred webmaster.<\/p>\n<p>Payouts<br \/>\nPayments are done via: <a href=\"https:\/\/bitcoin.org\/en\/getting-started\" rel=\"noopener noreferrer\" target=\"_blank\">Bitcoin<\/a>, EPESE, <a href=\"https:\/\/www.paypal.com\/\" rel=\"noopener noreferrer\" target=\"_blank\">PayPal<\/a>, <a href=\"https:\/\/www.wmtransfer.com\/\" rel=\"noopener noreferrer\" target=\"_blank\">Webmoney<\/a> every Friday with one week hold.<\/p>\n<p><img loading=\"lazy\" decoding=\"async\" src=\"http:\/\/alfafilepremium.net\/wp-content\/uploads\/2020\/06\/alfafile_payout_processor_list.png\" alt=\"alfafile payout processor list\" width=\"729\" height=\"383\" class=\"aligncenter size-full wp-image-74\" srcset=\"https:\/\/alfafilepremium.net\/wp-content\/uploads\/2020\/06\/alfafile_payout_processor_list.png 729w, https:\/\/alfafilepremium.net\/wp-content\/uploads\/2020\/06\/alfafile_payout_processor_list-300x158.png 300w, https:\/\/alfafilepremium.net\/wp-content\/uploads\/2020\/06\/alfafile_payout_processor_list-100x53.png 100w, https:\/\/alfafilepremium.net\/wp-content\/uploads\/2020\/06\/alfafile_payout_processor_list-150x79.png 150w, https:\/\/alfafilepremium.net\/wp-content\/uploads\/2020\/06\/alfafile_payout_processor_list-200x105.png 200w, https:\/\/alfafilepremium.net\/wp-content\/uploads\/2020\/06\/alfafile_payout_processor_list-450x236.png 450w, https:\/\/alfafilepremium.net\/wp-content\/uploads\/2020\/06\/alfafile_payout_processor_list-600x315.png 600w\" sizes=\"auto, (max-width: 729px) 100vw, 729px\" \/><\/p>\n","protected":false},"excerpt":{"rendered":"<p>* 50% vom Verkauf und Rebill exkl. Bearbeitungsgeb\u00fchr 0% F\u00fcr Website-Besitzer Haben Sie eine Website? F\u00fcgen Sie die Website Ihrem Profil hinzu und sehen Sie zu, wie Ihr Einkommen w\u00e4chst. Wir zahlen Prozents\u00e4tze f\u00fcr alle Premium-Konten, die von Benutzern bestellt &hellip;<\/p>\n<p class=\"read-more\"> <a class=\"more-link\" href=\"https:\/\/alfafilepremium.net\/de\/affiliate-program\/\"> <span class=\"screen-reader-text\">Partnerprogramm<\/span> Weiterlesen &raquo;<\/a><\/p>\n","protected":false},"author":1,"featured_media":0,"parent":0,"menu_order":3,"comment_status":"closed","ping_status":"closed","template":"","meta":{"footnotes":""},"class_list":["post-55","page","type-page","status-publish","hentry"],"_links":{"self":[{"href":"https:\/\/alfafilepremium.net\/de\/wp-json\/wp\/v2\/pages\/55","targetHints":{"allow":["GET"]}}],"collection":[{"href":"https:\/\/alfafilepremium.net\/de\/wp-json\/wp\/v2\/pages"}],"about":[{"href":"https:\/\/alfafilepremium.net\/de\/wp-json\/wp\/v2\/types\/page"}],"author":[{"embeddable":true,"href":"https:\/\/alfafilepremium.net\/de\/wp-json\/wp\/v2\/users\/1"}],"replies":[{"embeddable":true,"href":"https:\/\/alfafilepremium.net\/de\/wp-json\/wp\/v2\/comments?post=55"}],"version-history":[{"count":4,"href":"https:\/\/alfafilepremium.net\/de\/wp-json\/wp\/v2\/pages\/55\/revisions"}],"predecessor-version":[{"id":281,"href":"https:\/\/alfafilepremium.net\/de\/wp-json\/wp\/v2\/pages\/55\/revisions\/281"}],"wp:attachment":[{"href":"https:\/\/alfafilepremium.net\/de\/wp-json\/wp\/v2\/media?parent=55"}],"curies":[{"name":"wp","href":"https:\/\/api.w.org\/{rel}","templated":true}]}}