{"id":76,"date":"2020-06-07T12:20:06","date_gmt":"2020-06-07T12:20:06","guid":{"rendered":"http:\/\/alfafilepremium.net\/?page_id=76"},"modified":"2024-02-10T22:23:16","modified_gmt":"2024-02-10T22:23:16","slug":"registration","status":"publish","type":"page","link":"https:\/\/alfafilepremium.net\/fr\/registration\/","title":{"rendered":"S&#8217;inscrire"},"content":{"rendered":"<p style=\"text-align: center;\">Register with alfafile in just a few steps!<\/p>\n<p><a href=\"http:\/\/alfafilepremium.net\/signup\"><img loading=\"lazy\" decoding=\"async\" class=\"aligncenter size-full wp-image-77\" src=\"http:\/\/alfafilepremium.net\/wp-content\/uploads\/2020\/06\/alfafile_signup.png\" alt=\"Alfafile\" width=\"511\" height=\"576\" srcset=\"https:\/\/alfafilepremium.net\/wp-content\/uploads\/2020\/06\/alfafile_signup.png 511w, https:\/\/alfafilepremium.net\/wp-content\/uploads\/2020\/06\/alfafile_signup-266x300.png 266w, https:\/\/alfafilepremium.net\/wp-content\/uploads\/2020\/06\/alfafile_signup-100x113.png 100w, https:\/\/alfafilepremium.net\/wp-content\/uploads\/2020\/06\/alfafile_signup-150x169.png 150w, https:\/\/alfafilepremium.net\/wp-content\/uploads\/2020\/06\/alfafile_signup-200x225.png 200w, https:\/\/alfafilepremium.net\/wp-content\/uploads\/2020\/06\/alfafile_signup-300x338.png 300w, https:\/\/alfafilepremium.net\/wp-content\/uploads\/2020\/06\/alfafile_signup-450x507.png 450w\" sizes=\"auto, (max-width: 511px) 100vw, 511px\" \/><\/a><\/p>\n<p><strong>Alfafile.net File Manager<\/strong><\/p>\n<p>Discover a fantastic app for effortlessly managing and downloading your files through the Alfafile.net service.<\/p>\n<p>No intrusive ads or malware to disrupt your experience.<\/p>\n<p>We're excited to introduce this app to our valued customers, offering seamless file sharing capabilities. Share any of your files with friends at no cost, leveraging all the features of Alfafile.com directly from your Android device.<\/p>\n<p>Key Features:<\/p>\n<p>Effortlessly upload and share files via the Alfafile cloud.<br \/>\nEasily manage your files using the app's file manager.<br \/>\nShare files directly from the app with your contacts.<br \/>\nDownload files to your device at unlimited speeds.<br \/>\nUtilize the app to regulate access to your files securely.<br \/>\nEnjoy premium storage and bandwidth with unrestricted speeds.<br \/>\nPlease note, while free download speeds are available, they are capped at 100 kb\/sec.<\/p>\n<p><img loading=\"lazy\" decoding=\"async\" class=\"size-full wp-image-275 alignleft\" src=\"https:\/\/alfafilepremium.net\/wp-content\/uploads\/2024\/02\/alfafile1.webp\" alt=\"alfafile1\" width=\"166\" height=\"296\" srcset=\"https:\/\/alfafilepremium.net\/wp-content\/uploads\/2024\/02\/alfafile1.webp 166w, https:\/\/alfafilepremium.net\/wp-content\/uploads\/2024\/02\/alfafile1-100x178.webp 100w, https:\/\/alfafilepremium.net\/wp-content\/uploads\/2024\/02\/alfafile1-150x267.webp 150w\" sizes=\"auto, (max-width: 166px) 100vw, 166px\" \/><\/p>\n<p><img loading=\"lazy\" decoding=\"async\" class=\"size-full wp-image-276 alignleft\" src=\"https:\/\/alfafilepremium.net\/wp-content\/uploads\/2024\/02\/alfafile3.webp\" alt=\"alfafile3\" width=\"166\" height=\"296\" srcset=\"https:\/\/alfafilepremium.net\/wp-content\/uploads\/2024\/02\/alfafile3.webp 166w, https:\/\/alfafilepremium.net\/wp-content\/uploads\/2024\/02\/alfafile3-100x178.webp 100w, https:\/\/alfafilepremium.net\/wp-content\/uploads\/2024\/02\/alfafile3-150x267.webp 150w\" sizes=\"auto, (max-width: 166px) 100vw, 166px\" \/><\/p>\n<p><img loading=\"lazy\" decoding=\"async\" class=\"size-full wp-image-277 alignleft\" src=\"https:\/\/alfafilepremium.net\/wp-content\/uploads\/2024\/02\/alfafile2.webp\" alt=\"alfafile2\" width=\"166\" height=\"296\" srcset=\"https:\/\/alfafilepremium.net\/wp-content\/uploads\/2024\/02\/alfafile2.webp 166w, https:\/\/alfafilepremium.net\/wp-content\/uploads\/2024\/02\/alfafile2-100x178.webp 100w, https:\/\/alfafilepremium.net\/wp-content\/uploads\/2024\/02\/alfafile2-150x267.webp 150w\" sizes=\"auto, (max-width: 166px) 100vw, 166px\" \/><\/p>\n","protected":false},"excerpt":{"rendered":"<p>Inscrivez-vous sur Alfafile en quelques \u00e9tapes seulement ! Gestionnaire de fichiers Alfafile.net Superbe application pour g\u00e9rer et t\u00e9l\u00e9charger vos fichiers sur le service Alfafile.net. Pas de publicit\u00e9s ni de logiciels malveillants. Nous sommes ravis de vous pr\u00e9senter cette application \u00e0 &hellip;<\/p>\n<p class=\"read-more\"> <a class=\"more-link\" href=\"https:\/\/alfafilepremium.net\/fr\/registration\/\"> <span class=\"screen-reader-text\">S&#8217;inscrire<\/span> En lire plus &raquo;<\/a><\/p>\n","protected":false},"author":1,"featured_media":0,"parent":0,"menu_order":1,"comment_status":"closed","ping_status":"closed","template":"","meta":{"footnotes":""},"class_list":["post-76","page","type-page","status-publish","hentry"],"_links":{"self":[{"href":"https:\/\/alfafilepremium.net\/fr\/wp-json\/wp\/v2\/pages\/76","targetHints":{"allow":["GET"]}}],"collection":[{"href":"https:\/\/alfafilepremium.net\/fr\/wp-json\/wp\/v2\/pages"}],"about":[{"href":"https:\/\/alfafilepremium.net\/fr\/wp-json\/wp\/v2\/types\/page"}],"author":[{"embeddable":true,"href":"https:\/\/alfafilepremium.net\/fr\/wp-json\/wp\/v2\/users\/1"}],"replies":[{"embeddable":true,"href":"https:\/\/alfafilepremium.net\/fr\/wp-json\/wp\/v2\/comments?post=76"}],"version-history":[{"count":7,"href":"https:\/\/alfafilepremium.net\/fr\/wp-json\/wp\/v2\/pages\/76\/revisions"}],"predecessor-version":[{"id":278,"href":"https:\/\/alfafilepremium.net\/fr\/wp-json\/wp\/v2\/pages\/76\/revisions\/278"}],"wp:attachment":[{"href":"https:\/\/alfafilepremium.net\/fr\/wp-json\/wp\/v2\/media?parent=76"}],"curies":[{"name":"wp","href":"https:\/\/api.w.org\/{rel}","templated":true}]}}