{"id":91,"date":"2020-06-07T12:58:25","date_gmt":"2020-06-07T12:58:25","guid":{"rendered":"http:\/\/alfafilepremium.net\/?page_id=91"},"modified":"2024-02-10T22:53:31","modified_gmt":"2024-02-10T22:53:31","slug":"faq","status":"publish","type":"page","link":"https:\/\/alfafilepremium.net\/fr\/faq\/","title":{"rendered":"FAQ"},"content":{"rendered":"<p><strong>Is it possible to search files?<\/strong><\/p>\n<p>We do not index content uploaded by other users. You can search only in your files.<\/p>\n<p><strong>Can I use alfafile for free?<\/strong><br \/>\nYes, but your download speed will be limited.<\/p>\n<p><strong>I forgot my password, what can I do?<\/strong><br \/>\nYou need to request new password and follow instruction in email which we'll send you.<\/p>\n<p><strong>How can i upload files?<\/strong><br \/>\nIt's very simple. Go to &#8220;My Files&#8221; section and Click &#8220;Upload&#8221; button, then select upload method ( Web Upload, FTP or Remote Upload).<br \/>\n&#8211; For Web Upload, simply drop files in upload window or click &#8220;Add files&#8221; button, use file explorer to search and select the file.<br \/>\nAfter upload finishes, you will receive your file download and deletion link ( You need to click &#8220;share&#8221; button . You can delete files with unique link, that you get after upload process completes. or in &#8220;My Files&#8221; section.<br \/>\n&#8211; For Remote Upload, select Remote Upload in Upload menu, insert url in new pop up window and press &#8220;Ok&#8221; button.<br \/>\nWhat is the maximum file size for upload and download?<br \/>\nMaximum file size for upload is 2 GB for free users and 50 GB for premium users.<br \/>\nMaximum file size for download is 2 GB for free users and 50 GB for premium users<br \/>\nHow long will you keep files in premium account?<br \/>\nSuch files are not removed until your premium account is canceled or ended.<\/p>\n<p><strong>How do I download files?<\/strong><br \/>\nYou can download files with any download manager or simply by clicking on file link.<\/p>\n<p><strong>What kind of data can I store?<\/strong><br \/>\nYou can store any content which not violates our Terms.<\/p>\n<p><strong>What is hot link?<\/strong><br \/>\nHot link allows you to create session independent link, so you can share your file with your friends and they can download your content without alfafile.net account. But in this case we'll deduct used bandwidth from your account.<\/p>\n<p><strong>How do I make my file private?<\/strong><br \/>\nGo to My Files section and select file which you want to make &#8220;private&#8221;. Click right mouse button and select &#8220;File Access&#8221;-> &#8220;Private&#8221;<\/p>\n<p><strong>How do I make file public?<\/strong><br \/>\nGo to My Files section and select file which you want to make &#8220;public&#8221;. Click right mouse button and select &#8220;File Access&#8221;-> &#8220;PUBLIC&#8221;<\/p>\n<p><strong>When files are deleted?<\/strong><br \/>\nFor free users files are deleted after 30 days if they are not downloaded.<\/p>\n<p><strong>What is one time download?<\/strong><br \/>\nOne time download is good for content owners. It allows you to create a download link which can be used only once. Once file is downloaded, link will not be usable anymore. This way you can control distribution of your content.<br \/>\nWith one download link you can create a link just for one download by single person. Simply select file for which you want to create &#8220;one time download&#8221; link and click right mouse button. After it one time download link is created and you can share it with your colleague.<\/p>\n<p><strong>Can other users view my content?<\/strong><br \/>\nWe never allow other users to search in our website, however if you share links to your files on internet, than search engines like google may able to index your content.<\/p>\n<p><strong>What is &#8220;Call back url&#8221; in &#8220;one time download link&#8221; window?<\/strong><br \/>\nThis option can be used for website owners in order to see if link been used for download. Once user click the link, our system will send response ( file id number) to callback url which you provide in your setting<\/p>\n<p><strong>What are the benefits of Premium-account?<\/strong><br \/>\n&#8211; No ads<br \/>\n&#8211; Unlimited speed<br \/>\n&#8211; One time download<br \/>\n&#8211; Hot downloads<br \/>\n&#8211; Direct downloads<br \/>\n&#8211; Parallel downloads<br \/>\n&#8211; Resume download support<br \/>\n<strong>I'm afraid to pay by credit card , are you sure it's safe?<\/strong><br \/>\nAll transactions are protected with ssl and transmitted to our bank via secure connection. We never store your card information on our servers.<br \/>\nCan I share premium-account with other people?<br \/>\nWe offer premium accounts only for personal use. In case we discover that account is shared, we reserve the right to close such account without any refund.<\/p>\n<p><strong>How much does Premium-account cost?<\/strong><br \/>\nWe have few premium subscription plans which you can use:<br \/>\nYou can see our actual pricing plans on our order page<br \/>\nLowest price starts from $14.99 USD.<br \/>\nHow do I cancel subscription with monthly payments?<br \/>\nYou can cancel your subscription simply by visiting user payment page and then you need to uncheck Subscription renewal box. Once it is done, please click button &#8220;Save changes&#8221;.<\/p>\n<p><strong>I purchased a Premium-account, but my account is not premium yet?<\/strong><br \/>\nPlease contact our customer support at Support page and provide first 6 digits of your credit card and last 4 digits.<br \/>\nAlso please include cardholder name.<br \/>\nWhat payment methods do you accept?<br \/>\nWe accept Credit cards, , Bitcoin and local payment methods.<\/p>\n<p><strong>What is the minimum payout?<\/strong><br \/>\nMinimum payout is 20$ USD.<\/p>\n<p><strong>How can I earn money with affiliate program?<\/strong><br \/>\nWe offer 50% rate from every sale made by your referral link or file.<\/p>\n<p><strong>Is there any API for developers?<\/strong><br \/>\nCheck details of our api using this link. By using our api, you can create various applications including download manages and automated tools for uploading or downloading content to our servers.<\/p>\n<p><strong>Which plans do you have?<\/strong><br \/>\nAt this moment we have only pay per sale plan (PPS).<\/p>\n<p><strong>Which payout methods do you support?<\/strong><br \/>\nWe offer payout via paypal, webmoney. epese, bitcoin.<\/p>\n<p>What is a referral program?<br \/>\nYou can earn by referring other affiliates. We offer 7% rate from referral earnings.<\/p>\n","protected":false},"excerpt":{"rendered":"<p>Est-il possible de rechercher des fichiers ? Nous n&#8217;indexons pas le contenu t\u00e9l\u00e9charg\u00e9 par d&#8217;autres utilisateurs. Vous ne pouvez effectuer des recherches que dans vos propres fichiers. Puis-je utiliser Alfafile gratuitement ? Oui, mais la vitesse de t\u00e9l\u00e9chargement sera limit\u00e9e. &hellip;<\/p>\n<p class=\"read-more\"> <a class=\"more-link\" href=\"https:\/\/alfafilepremium.net\/fr\/faq\/\"> <span class=\"screen-reader-text\">FAQ<\/span> En lire plus &raquo;<\/a><\/p>\n","protected":false},"author":1,"featured_media":0,"parent":0,"menu_order":9,"comment_status":"closed","ping_status":"closed","template":"","meta":{"footnotes":""},"class_list":["post-91","page","type-page","status-publish","hentry"],"_links":{"self":[{"href":"https:\/\/alfafilepremium.net\/fr\/wp-json\/wp\/v2\/pages\/91","targetHints":{"allow":["GET"]}}],"collection":[{"href":"https:\/\/alfafilepremium.net\/fr\/wp-json\/wp\/v2\/pages"}],"about":[{"href":"https:\/\/alfafilepremium.net\/fr\/wp-json\/wp\/v2\/types\/page"}],"author":[{"embeddable":true,"href":"https:\/\/alfafilepremium.net\/fr\/wp-json\/wp\/v2\/users\/1"}],"replies":[{"embeddable":true,"href":"https:\/\/alfafilepremium.net\/fr\/wp-json\/wp\/v2\/comments?post=91"}],"version-history":[{"count":3,"href":"https:\/\/alfafilepremium.net\/fr\/wp-json\/wp\/v2\/pages\/91\/revisions"}],"predecessor-version":[{"id":284,"href":"https:\/\/alfafilepremium.net\/fr\/wp-json\/wp\/v2\/pages\/91\/revisions\/284"}],"wp:attachment":[{"href":"https:\/\/alfafilepremium.net\/fr\/wp-json\/wp\/v2\/media?parent=91"}],"curies":[{"name":"wp","href":"https:\/\/api.w.org\/{rel}","templated":true}]}}